{"id":8,"date":"2017-06-08T09:58:49","date_gmt":"2017-06-08T09:58:49","guid":{"rendered":"http:\/\/xn--mller-transporte-jzb.com\/?page_id=8"},"modified":"2017-06-08T09:58:49","modified_gmt":"2017-06-08T09:58:49","slug":"kontakt","status":"publish","type":"page","link":"https:\/\/xn--mller-transporte-jzb.com\/?page_id=8","title":{"rendered":"Kontakt"},"content":{"rendered":"<h3>GESCH\u00c4FTSADRESSE<\/h3>\n<pre>Hauptstra\u00dfe 32\r\n96361 Steinbach am Wald \r\nDeutschland<\/pre>\n<h3>ANSPRECHPARTNER<\/h3>\n<pre>Thomas M\u00fcller \r\nTel: 09268\/1288\r\nFax: 09268\/913404\r\nMobil: +49 (0) 171\/580 427 1\r\nEmail: <a href=\"mailto:mueller-transporte@t-online.de\">mueller-transporte@t-online.de\r\n\r\n<\/a><\/pre>\n<h2>GESCH\u00c4FTSZEITEN<\/h2>\n<table>\n<tbody>\n<tr>\n<td width=\"121\">Montag<\/td>\n<td width=\"121\">06:30<\/td>\n<td width=\"121\">18:00<\/td>\n<\/tr>\n<tr>\n<td width=\"121\">Diensttag<\/td>\n<td width=\"121\">06:30<\/td>\n<td width=\"121\">18:00<\/td>\n<\/tr>\n<tr>\n<td width=\"121\">Mittwoch<\/td>\n<td width=\"121\">06:30<\/td>\n<td width=\"121\">18:00<\/td>\n<\/tr>\n<tr>\n<td width=\"121\">Donnerstag<\/td>\n<td width=\"121\">06:30<\/td>\n<td width=\"121\">18:00<\/td>\n<\/tr>\n<tr>\n<td width=\"121\">Freitag<\/td>\n<td width=\"121\">06:30<\/td>\n<td width=\"121\">18:00<\/td>\n<\/tr>\n<tr>\n<td width=\"121\">Samstag<\/td>\n<td width=\"121\">geschlossen<\/td>\n<td width=\"121\">geschlossen<\/td>\n<\/tr>\n<tr>\n<td width=\"121\">Sonntag<\/td>\n<td width=\"121\">geschlossen<\/td>\n<td width=\"121\">geschlossen<\/td>\n<\/tr>\n<\/tbody>\n<\/table>\n<p>In dringenden F\u00e4llen auch au\u00dferhalb der Gesch\u00e4ftszeiten.<\/p>\n","protected":false},"excerpt":{"rendered":"<p> [&hellip;]<\/p>\n","protected":false},"author":1,"featured_media":0,"parent":0,"menu_order":0,"comment_status":"closed","ping_status":"closed","template":"","meta":[],"_links":{"self":[{"href":"https:\/\/xn--mller-transporte-jzb.com\/index.php?rest_route=\/wp\/v2\/pages\/8"}],"collection":[{"href":"https:\/\/xn--mller-transporte-jzb.com\/index.php?rest_route=\/wp\/v2\/pages"}],"about":[{"href":"https:\/\/xn--mller-transporte-jzb.com\/index.php?rest_route=\/wp\/v2\/types\/page"}],"author":[{"embeddable":true,"href":"https:\/\/xn--mller-transporte-jzb.com\/index.php?rest_route=\/wp\/v2\/users\/1"}],"replies":[{"embeddable":true,"href":"https:\/\/xn--mller-transporte-jzb.com\/index.php?rest_route=%2Fwp%2Fv2%2Fcomments&post=8"}],"version-history":[{"count":1,"href":"https:\/\/xn--mller-transporte-jzb.com\/index.php?rest_route=\/wp\/v2\/pages\/8\/revisions"}],"predecessor-version":[{"id":9,"href":"https:\/\/xn--mller-transporte-jzb.com\/index.php?rest_route=\/wp\/v2\/pages\/8\/revisions\/9"}],"wp:attachment":[{"href":"https:\/\/xn--mller-transporte-jzb.com\/index.php?rest_route=%2Fwp%2Fv2%2Fmedia&parent=8"}],"curies":[{"name":"wp","href":"https:\/\/api.w.org\/{rel}","templated":true}]}}